{"id":106055,"date":"2023-12-20T15:29:57","date_gmt":"2023-12-20T15:29:57","guid":{"rendered":"https:\/\/marsys-trans.com\/?page_id=106055"},"modified":"2025-03-18T11:31:14","modified_gmt":"2025-03-18T11:31:14","slug":"mot-du-president","status":"publish","type":"page","link":"https:\/\/marsys-trans.com\/index.php\/mot-du-president\/","title":{"rendered":"Mot du president"},"content":{"rendered":"<p>[et_pb_section fb_built=\u00a0\u00bb1&Prime; custom_padding_last_edited=\u00a0\u00bbon|phone\u00a0\u00bb _builder_version=\u00a0\u00bb4.23.4&Prime; _module_preset=\u00a0\u00bbdefault\u00a0\u00bb custom_padding=\u00a0\u00bb12vw||||false|false\u00a0\u00bb custom_padding_tablet=\u00a0\u00bb15vw||||false|false\u00a0\u00bb custom_padding_phone=\u00a0\u00bb26vw||||false|false\u00a0\u00bb bottom_divider_color=\u00a0\u00bbgcid-512fcc6d-fb29-46f9-b53e-275a3a6aef53&Prime; global_colors_info=\u00a0\u00bb{%22gcid-512fcc6d-fb29-46f9-b53e-275a3a6aef53%22:%91%22bottom_divider_color%22%93}\u00a0\u00bb][et_pb_row column_structure=\u00a0\u00bb1_2,1_2&Prime; make_equal=\u00a0\u00bbon\u00a0\u00bb _builder_version=\u00a0\u00bb4.23.1&Prime; _module_preset=\u00a0\u00bbdefault\u00a0\u00bb custom_padding=\u00a0\u00bb0px||0px||true|false\u00a0\u00bb global_colors_info=\u00a0\u00bb{}\u00a0\u00bb][et_pb_column type=\u00a0\u00bb1_2&Prime; _builder_version=\u00a0\u00bb4.23.1&Prime; _module_preset=\u00a0\u00bbdefault\u00a0\u00bb global_colors_info=\u00a0\u00bb{}\u00a0\u00bb][et_pb_image src=\u00a0\u00bbhttps:\/\/marsys-trans.com\/wp-content\/uploads\/2024\/01\/Mots_du_president_ORIG-e1704369462415.jpeg\u00a0\u00bb title_text=\u00a0\u00bbMots_du_president_ORIG\u00a0\u00bb _builder_version=\u00a0\u00bb4.23.4&Prime; _module_preset=\u00a0\u00bbdefault\u00a0\u00bb hover_enabled=\u00a0\u00bb0&Prime; border_radii=\u00a0\u00bboff||||\u00a0\u00bb border_width_all=\u00a0\u00bb2px\u00a0\u00bb border_color_all=\u00a0\u00bbgcid-bb0ed12f-ade3-45a9-94a8-c2773fdbea01&Prime; global_colors_info=\u00a0\u00bb{%22gcid-bb0ed12f-ade3-45a9-94a8-c2773fdbea01%22:%91%22border_color_all%22%93}\u00a0\u00bb sticky_enabled=\u00a0\u00bb0&Prime;][\/et_pb_image][\/et_pb_column][et_pb_column type=\u00a0\u00bb1_2&Prime; _builder_version=\u00a0\u00bb4.23.1&Prime; _module_preset=\u00a0\u00bbdefault\u00a0\u00bb custom_css_main_element=\u00a0\u00bbalign-self:center;\u00a0\u00bb global_colors_info=\u00a0\u00bb{}\u00a0\u00bb][et_pb_text _builder_version=\u00a0\u00bb4.23.4&Prime; _module_preset=\u00a0\u00bbdefault\u00a0\u00bb text_font=\u00a0\u00bb|600|||||||\u00a0\u00bb text_font_size=\u00a0\u00bb17px\u00a0\u00bb text_orientation=\u00a0\u00bbjustified\u00a0\u00bb custom_padding=\u00a0\u00bb10px|13px|10px|13px|true|true\u00a0\u00bb text_font_size_tablet=\u00a0\u00bb17px\u00a0\u00bb text_font_size_phone=\u00a0\u00bb17px\u00a0\u00bb text_font_size_last_edited=\u00a0\u00bbon|phone\u00a0\u00bb border_width_left=\u00a0\u00bb8px\u00a0\u00bb border_color_left=\u00a0\u00bbgcid-bb0ed12f-ade3-45a9-94a8-c2773fdbea01&Prime; global_colors_info=\u00a0\u00bb{%22gcid-bb0ed12f-ade3-45a9-94a8-c2773fdbea01%22:%91%22border_color_left%22%93}\u00a0\u00bb]<\/p>\n<p><span>Sur notre site web vous aurez l\u2019occasion de d\u00e9couvrir l\u2019ensemble des m\u00e9tiers de la MARSYSTRANS et les services que nous vous offrons, personnalisables \u00e0 l\u2019infini.<\/span><\/p>\n<p>[\/et_pb_text][\/et_pb_column][\/et_pb_row][et_pb_row _builder_version=\u00a0\u00bb4.23.1&Prime; _module_preset=\u00a0\u00bbdefault\u00a0\u00bb global_colors_info=\u00a0\u00bb{}\u00a0\u00bb][et_pb_column type=\u00a0\u00bb4_4&Prime; _builder_version=\u00a0\u00bb4.23.1&Prime; _module_preset=\u00a0\u00bbdefault\u00a0\u00bb global_colors_info=\u00a0\u00bb{}\u00a0\u00bb][et_pb_heading title=\u00a0\u00bbMot du directeur g\u00e9n\u00e9ral\u00a0\u00bb _builder_version=\u00a0\u00bb4.23.4&Prime; _module_preset=\u00a0\u00bbdefault\u00a0\u00bb title_font=\u00a0\u00bb|700|||||||\u00a0\u00bb custom_margin=\u00a0\u00bb||0px||false|false\u00a0\u00bb custom_margin_tablet=\u00a0\u00bb||0px||false|false\u00a0\u00bb custom_margin_phone=\u00a0\u00bb||0px||false|false\u00a0\u00bb custom_margin_last_edited=\u00a0\u00bbon|desktop\u00a0\u00bb custom_padding=\u00a0\u00bb3vw||||false|false\u00a0\u00bb custom_padding_tablet=\u00a0\u00bb10vw||||false|false\u00a0\u00bb custom_padding_phone=\u00a0\u00bb10vw||||false|false\u00a0\u00bb custom_padding_last_edited=\u00a0\u00bbon|desktop\u00a0\u00bb title_text_align_tablet=\u00a0\u00bb\u00a0\u00bb title_text_align_phone=\u00a0\u00bbcenter\u00a0\u00bb title_text_align_last_edited=\u00a0\u00bbon|phone\u00a0\u00bb title_font_size_tablet=\u00a0\u00bb\u00a0\u00bb title_font_size_phone=\u00a0\u00bb1.5em\u00a0\u00bb title_font_size_last_edited=\u00a0\u00bbon|phone\u00a0\u00bb background_color_phone=\u00a0\u00bb#f5f5f5&Prime; background_last_edited=\u00a0\u00bbon|phone\u00a0\u00bb background_enable_color_phone=\u00a0\u00bbon\u00a0\u00bb global_colors_info=\u00a0\u00bb{}\u00a0\u00bb][\/et_pb_heading][et_pb_testimonial quote_icon=\u00a0\u00bboff\u00a0\u00bb quote_icon_color=\u00a0\u00bbgcid-512fcc6d-fb29-46f9-b53e-275a3a6aef53&Prime; quote_icon_background_color=\u00a0\u00bbgcid-bb0ed12f-ade3-45a9-94a8-c2773fdbea01&Prime; font_icon=\u00a0\u00bb&#x7b;||divi||400&Prime; _builder_version=\u00a0\u00bb4.23.4&Prime; _module_preset=\u00a0\u00bbdefault\u00a0\u00bb background_enable_mask_style=\u00a0\u00bbon\u00a0\u00bb background_mask_style=\u00a0\u00bbdiagonal\u00a0\u00bb custom_margin=\u00a0\u00bb||11px||false|false\u00a0\u00bb custom_padding=\u00a0\u00bb||0px||false|false\u00a0\u00bb hover_enabled=\u00a0\u00bb0&Prime; background_last_edited=\u00a0\u00bbon|tablet\u00a0\u00bb background_enable_mask_style_phone=\u00a0\u00bboff\u00a0\u00bb border_radii_portrait=\u00a0\u00bbon|0px|0px|0px|0px\u00a0\u00bb global_colors_info=\u00a0\u00bb{%22gcid-512fcc6d-fb29-46f9-b53e-275a3a6aef53%22:%91%22quote_icon_color%22%93,%22gcid-bb0ed12f-ade3-45a9-94a8-c2773fdbea01%22:%91%22quote_icon_background_color%22%93}\u00a0\u00bb sticky_enabled=\u00a0\u00bb0&Prime;]<\/p>\n<p>\u00ab Madame, Monsieur,<\/p>\n<p>En ma qualit\u00e9 de Pr\u00e9sident Directeur G\u00e9n\u00e9ral, c\u2019est avec un plaisir particulier que je vous souhaite la bienvenue sur le site internet de la societe MARSYSTRANS.<\/p>\n<p>Notre soci\u00e9t\u00e9, 100% familiale et forte de plus de 15 ans d\u2019exp\u00e9rience, a construit son d\u00e9veloppement et sa r\u00e9putation sur l\u2019excellence de ses services et sur la qualit\u00e9 de ses prestations logistiques et transports.<\/p>\n<p>Nos clients reconnaissent MARSYSTRANS comme l\u2019une des r\u00e9f\u00e9rences dans l\u2019organisation et le pilotage des flux de marchandises entre le Maroc et l&rsquo;Europe.<\/p>\n<p>Mon ambition est de poursuivre la croissance de notre societe comme une alliance de PME, pour garder la r\u00e9activit\u00e9 et la proximit\u00e9 des march\u00e9s.<\/p>\n<p>Notre entreprise continue sa trajectoire avec s\u00e9r\u00e9nit\u00e9, chaque jour nous la projetons dans l\u2019avenir, gr\u00e2ce \u00e0 son dynamisme et \u00e0 sa volont\u00e9 d\u2019ind\u00e9pendance.<\/p>\n<p>Notre engagement avec nos \u00e9quipes est total. Avec nos collaborateurs, notre parc, nos surfaces logistiques, nous sommes mobilis\u00e9s pour vous offrir un service r\u00e9actif, int\u00e9gr\u00e9 et de qualit\u00e9.<\/p>\n<p>Merci pour votre confiance. \u00bb<\/p>\n<p>[\/et_pb_testimonial][et_pb_image src=\u00a0\u00bbhttps:\/\/marsys-trans.com\/wp-content\/uploads\/2023\/12\/Sig_01.png\u00a0\u00bb title_text=\u00a0\u00bbSig_01&Prime; _builder_version=\u00a0\u00bb4.23.4&Prime; _module_preset=\u00a0\u00bbdefault\u00a0\u00bb width=\u00a0\u00bb36%\u00a0\u00bb width_tablet=\u00a0\u00bb36%\u00a0\u00bb width_phone=\u00a0\u00bb36%\u00a0\u00bb width_last_edited=\u00a0\u00bbon|phone\u00a0\u00bb global_colors_info=\u00a0\u00bb{}\u00a0\u00bb][\/et_pb_image][\/et_pb_column][\/et_pb_row][\/et_pb_section]<\/p>\n","protected":false},"excerpt":{"rendered":"<p>Sur notre site web vous aurez l\u2019occasion de d\u00e9couvrir l\u2019ensemble des m\u00e9tiers de la MARSYSTRANS et les services que nous vous offrons, personnalisables \u00e0 l\u2019infini.\u00ab Madame, Monsieur, En ma qualit\u00e9 de Pr\u00e9sident Directeur G\u00e9n\u00e9ral, c\u2019est avec un plaisir particulier que je vous souhaite la bienvenue sur le site internet de la societe MARSYSTRANS. Notre soci\u00e9t\u00e9, [&hellip;]<\/p>\n","protected":false},"author":1,"featured_media":0,"parent":0,"menu_order":0,"comment_status":"closed","ping_status":"closed","template":"","meta":{"_et_pb_use_builder":"on","_et_pb_old_content":"","_et_gb_content_width":"","footnotes":""},"class_list":["post-106055","page","type-page","status-publish","hentry"],"jetpack_sharing_enabled":true,"_links":{"self":[{"href":"https:\/\/marsys-trans.com\/index.php\/wp-json\/wp\/v2\/pages\/106055","targetHints":{"allow":["GET"]}}],"collection":[{"href":"https:\/\/marsys-trans.com\/index.php\/wp-json\/wp\/v2\/pages"}],"about":[{"href":"https:\/\/marsys-trans.com\/index.php\/wp-json\/wp\/v2\/types\/page"}],"author":[{"embeddable":true,"href":"https:\/\/marsys-trans.com\/index.php\/wp-json\/wp\/v2\/users\/1"}],"replies":[{"embeddable":true,"href":"https:\/\/marsys-trans.com\/index.php\/wp-json\/wp\/v2\/comments?post=106055"}],"version-history":[{"count":35,"href":"https:\/\/marsys-trans.com\/index.php\/wp-json\/wp\/v2\/pages\/106055\/revisions"}],"predecessor-version":[{"id":235306,"href":"https:\/\/marsys-trans.com\/index.php\/wp-json\/wp\/v2\/pages\/106055\/revisions\/235306"}],"wp:attachment":[{"href":"https:\/\/marsys-trans.com\/index.php\/wp-json\/wp\/v2\/media?parent=106055"}],"curies":[{"name":"wp","href":"https:\/\/api.w.org\/{rel}","templated":true}]}}